{"id":144,"date":"2016-02-15T16:52:49","date_gmt":"2016-02-15T16:52:49","guid":{"rendered":"http:\/\/q-protex.com\/es\/about\/"},"modified":"2016-02-18T22:33:36","modified_gmt":"2016-02-18T22:33:36","slug":"sobre-nosotros","status":"publish","type":"page","link":"https:\/\/q-protex.com\/es\/sobre-nosotros\/","title":{"rendered":"Sobre Nosotros"},"content":{"rendered":"<div id=\"pl-144\"  class=\"panel-layout\" ><div id=\"pg-144-0\"  class=\"panel-grid panel-has-style\" ><div class=\"panel-row-style panel-row-style-for-144-0\" ><div id=\"pgc-144-0-0\"  class=\"panel-grid-cell\" ><div id=\"panel-144-0-0-0\" class=\"so-panel widget widget_sow-editor panel-first-child panel-last-child\" data-index=\"0\" ><div\n\t\t\t\n\t\t\tclass=\"so-widget-sow-editor so-widget-sow-editor-base\"\n\t\t\t\n\t\t>\n<div class=\"siteorigin-widget-tinymce textwidget\">\n\t<h1>Sobre el\u00a0<span style=\"color: #e53935;\">fundador<\/span><\/h1>\n<p>\u00a0<\/p>\n<h4>Miguel Febres<\/h4>\n<p>Miguel Febres es el fundador de Q-Protex y el autor de varios proyectos de seguridad de c\u00f3digo abierto <a href=\"https:\/\/github.com\/qprotex\/\">(GitHub)<\/a>. Activo en el apoyo a la escena de la seguridad, especialmente en materia de ingenier\u00eda inversa; capaz de responder a preguntas sobre StackOverflow a la publicaci\u00f3n de fragmentos de c\u00f3digo y tutoriales en su blog.<\/p>\n<p>Como empresario, su experiencia abarca desde la consultor\u00eda en seguridad de IT y para el desarrollo de aplicaciones en una gran variedad de plataformas. Un portavoz esmerado, el Sr. Febres ha entregado presentaciones en conferencias y sesiones de capacitaci\u00f3n en una amplia gama de temas a nivel internacional.<\/p>\n<p>Certificaciones actuales:<\/p>\n<ul class=\"collection we-offer\">\n<li class=\"collection-item\">EC Council \u2013 Certificado \u00c9tico de Hacker<\/li>\n<li class=\"collection-item\">IITAC \u2013 Certificado de C\u00f3digo Profesional de Ingenier\u00eda Inversa<\/li>\n<li class=\"collection-item\">IACRB \u2013 Certificado de Analista de Ingenier\u00eda Inversa<\/li>\n<li class=\"collection-item\">Sun \u2013 Certificado de Asociado para la Plataforma de Java<\/li>\n<li class=\"collection-item\">Embarcadero \u2013 Certificado de Desarrollador de Delphi<\/li>\n<\/ul>\n<\/div>\n<\/div><\/div><\/div><div id=\"pgc-144-0-1\"  class=\"panel-grid-cell\" ><div id=\"panel-144-0-1-0\" class=\"so-panel widget widget_sow-image panel-first-child panel-last-child\" data-index=\"1\" ><div\n\t\t\t\n\t\t\tclass=\"so-widget-sow-image so-widget-sow-image-default-8b5b6f678277-144\"\n\t\t\t\n\t\t>\n<div class=\"sow-image-container\">\n\t\t<img \n\tsrc=\"https:\/\/q-protex.com\/wp-content\/uploads\/2016\/02\/miguel_febres.jpg\" width=\"480\" height=\"360\" sizes=\"(max-width: 480px) 100vw, 480px\" title=\"Fundador Q-Protex\" alt=\"\" \t\tclass=\"so-widget-image\"\/>\n\t<\/div>\n\n<\/div><\/div><\/div><\/div><\/div><div id=\"pg-144-1\"  class=\"panel-grid panel-has-style\" ><div class=\"siteorigin-panels-stretch panel-row-style panel-row-style-for-144-1\" data-stretch-type=\"full\" ><div id=\"pgc-144-1-0\"  class=\"panel-grid-cell\" ><div id=\"panel-144-1-0-0\" class=\"so-panel widget widget_siteorigin-panels-builder panel-first-child panel-last-child\" data-index=\"2\" ><div class=\"panel-widget-style panel-widget-style-for-144-1-0-0\" ><div id=\"pl-w56c646c1d666c\"  class=\"panel-layout\" ><div id=\"pg-w56c646c1d666c-0\"  class=\"panel-grid panel-no-style\" ><div id=\"pgc-w56c646c1d666c-0-0\"  class=\"panel-grid-cell\" ><div id=\"panel-w56c646c1d666c-0-0-0\" class=\"so-panel widget widget_sow-editor panel-first-child panel-last-child\" data-index=\"0\" ><div class=\"panel-widget-style panel-widget-style-for-w56c646c1d666c-0-0-0\" ><div\n\t\t\t\n\t\t\tclass=\"so-widget-sow-editor so-widget-sow-editor-base\"\n\t\t\t\n\t\t>\n<div class=\"siteorigin-widget-tinymce textwidget\">\n\t<h4 class=\"light\">Le brindamos la mejor manera de proteger sus activos de software en Internet<\/h4>\n<\/div>\n<\/div><\/div><\/div><\/div><div id=\"pgc-w56c646c1d666c-0-1\"  class=\"panel-grid-cell\" ><div id=\"panel-w56c646c1d666c-0-1-0\" class=\"so-panel widget widget_sow-button panel-first-child panel-last-child\" data-index=\"1\" ><div\n\t\t\t\n\t\t\tclass=\"so-widget-sow-button so-widget-sow-button-flat-eee68f658fae\"\n\t\t\t\n\t\t><div class=\"ow-button-base ow-button-align-center\"\n>\n\t\t\t<a\n\t\t\t\t\thref=\"https:\/\/q-protex.com\/es\/contacto\/\"\n\t\t\t\t\tclass=\"sowb-button ow-icon-placement-left ow-button-hover\" \t>\n\t\t<span>\n\t\t\t\n\t\t\tCONT\u00c1CTANOS AHORA!\t\t<\/span>\n\t\t\t<\/a>\n\t<\/div>\n<\/div><\/div><\/div><\/div><\/div><\/div><\/div><\/div><\/div><\/div><\/div>","protected":false},"excerpt":{"rendered":"<p>Sobre el\u00a0fundador\u00a0Miguel FebresMiguel Febres es el fundador de Q-Protex y el autor de varios proyectos de seguridad de c\u00f3digo abierto (GitHub). Activo en el apoyo a la escena de la seguridad, especialmente en materia de ingenier\u00eda inversa; capaz de responder a preguntas sobre StackOverflow a&#8230;<\/p>\n","protected":false},"author":1,"featured_media":0,"parent":0,"menu_order":0,"comment_status":"closed","ping_status":"closed","template":"template-fullwidth.php","meta":{"footnotes":""},"class_list":["post-144","page","type-page","status-publish","hentry"],"yoast_head":"<!-- This site is optimized with the Yoast SEO plugin v27.5 - https:\/\/yoast.com\/product\/yoast-seo-wordpress\/ -->\n<title>Sobre Nosotros - Q-Protex | Software Security<\/title>\n<meta name=\"robots\" content=\"index, follow, max-snippet:-1, max-image-preview:large, max-video-preview:-1\" \/>\n<link rel=\"canonical\" href=\"https:\/\/q-protex.com\/es\/sobre-nosotros\/\" \/>\n<meta property=\"og:locale\" content=\"es_ES\" \/>\n<meta property=\"og:type\" content=\"article\" \/>\n<meta property=\"og:title\" content=\"Sobre Nosotros - Q-Protex | Software Security\" \/>\n<meta property=\"og:description\" content=\"Sobre el\u00a0fundador\u00a0Miguel FebresMiguel Febres es el fundador de Q-Protex y el autor de varios proyectos de seguridad de c\u00f3digo abierto (GitHub). Activo en el apoyo a la escena de la seguridad, especialmente en materia de ingenier\u00eda inversa; capaz de responder a preguntas sobre StackOverflow a...\" \/>\n<meta property=\"og:url\" content=\"https:\/\/q-protex.com\/es\/sobre-nosotros\/\" \/>\n<meta property=\"og:site_name\" content=\"Q-Protex | Software Security\" \/>\n<meta property=\"article:modified_time\" content=\"2016-02-18T22:33:36+00:00\" \/>\n<meta property=\"og:image\" content=\"http:\/\/q-protex.com\/wp-content\/uploads\/2016\/02\/miguel_febres.jpg\" \/>\n<meta name=\"twitter:card\" content=\"summary_large_image\" \/>\n<meta name=\"twitter:label1\" content=\"Tiempo de lectura\" \/>\n\t<meta name=\"twitter:data1\" content=\"1 minuto\" \/>\n<script type=\"application\/ld+json\" class=\"yoast-schema-graph\">{\"@context\":\"https:\\\/\\\/schema.org\",\"@graph\":[{\"@type\":\"WebPage\",\"@id\":\"https:\\\/\\\/q-protex.com\\\/es\\\/sobre-nosotros\\\/\",\"url\":\"https:\\\/\\\/q-protex.com\\\/es\\\/sobre-nosotros\\\/\",\"name\":\"Sobre Nosotros - Q-Protex | Software Security\",\"isPartOf\":{\"@id\":\"https:\\\/\\\/q-protex.com\\\/es\\\/#website\"},\"primaryImageOfPage\":{\"@id\":\"https:\\\/\\\/q-protex.com\\\/es\\\/sobre-nosotros\\\/#primaryimage\"},\"image\":{\"@id\":\"https:\\\/\\\/q-protex.com\\\/es\\\/sobre-nosotros\\\/#primaryimage\"},\"thumbnailUrl\":\"http:\\\/\\\/q-protex.com\\\/wp-content\\\/uploads\\\/2016\\\/02\\\/miguel_febres.jpg\",\"datePublished\":\"2016-02-15T16:52:49+00:00\",\"dateModified\":\"2016-02-18T22:33:36+00:00\",\"breadcrumb\":{\"@id\":\"https:\\\/\\\/q-protex.com\\\/es\\\/sobre-nosotros\\\/#breadcrumb\"},\"inLanguage\":\"es\",\"potentialAction\":[{\"@type\":\"ReadAction\",\"target\":[\"https:\\\/\\\/q-protex.com\\\/es\\\/sobre-nosotros\\\/\"]}]},{\"@type\":\"ImageObject\",\"inLanguage\":\"es\",\"@id\":\"https:\\\/\\\/q-protex.com\\\/es\\\/sobre-nosotros\\\/#primaryimage\",\"url\":\"http:\\\/\\\/q-protex.com\\\/wp-content\\\/uploads\\\/2016\\\/02\\\/miguel_febres.jpg\",\"contentUrl\":\"http:\\\/\\\/q-protex.com\\\/wp-content\\\/uploads\\\/2016\\\/02\\\/miguel_febres.jpg\"},{\"@type\":\"BreadcrumbList\",\"@id\":\"https:\\\/\\\/q-protex.com\\\/es\\\/sobre-nosotros\\\/#breadcrumb\",\"itemListElement\":[{\"@type\":\"ListItem\",\"position\":1,\"name\":\"Home\",\"item\":\"https:\\\/\\\/q-protex.com\\\/es\\\/\"},{\"@type\":\"ListItem\",\"position\":2,\"name\":\"Sobre Nosotros\"}]},{\"@type\":\"WebSite\",\"@id\":\"https:\\\/\\\/q-protex.com\\\/es\\\/#website\",\"url\":\"https:\\\/\\\/q-protex.com\\\/es\\\/\",\"name\":\"Q-Protex | Software Security\",\"description\":\"Ethical Hacking\",\"potentialAction\":[{\"@type\":\"SearchAction\",\"target\":{\"@type\":\"EntryPoint\",\"urlTemplate\":\"https:\\\/\\\/q-protex.com\\\/es\\\/?s={search_term_string}\"},\"query-input\":{\"@type\":\"PropertyValueSpecification\",\"valueRequired\":true,\"valueName\":\"search_term_string\"}}],\"inLanguage\":\"es\"}]}<\/script>\n<!-- \/ Yoast SEO plugin. -->","yoast_head_json":{"title":"Sobre Nosotros - Q-Protex | Software Security","robots":{"index":"index","follow":"follow","max-snippet":"max-snippet:-1","max-image-preview":"max-image-preview:large","max-video-preview":"max-video-preview:-1"},"canonical":"https:\/\/q-protex.com\/es\/sobre-nosotros\/","og_locale":"es_ES","og_type":"article","og_title":"Sobre Nosotros - Q-Protex | Software Security","og_description":"Sobre el\u00a0fundador\u00a0Miguel FebresMiguel Febres es el fundador de Q-Protex y el autor de varios proyectos de seguridad de c\u00f3digo abierto (GitHub). Activo en el apoyo a la escena de la seguridad, especialmente en materia de ingenier\u00eda inversa; capaz de responder a preguntas sobre StackOverflow a...","og_url":"https:\/\/q-protex.com\/es\/sobre-nosotros\/","og_site_name":"Q-Protex | Software Security","article_modified_time":"2016-02-18T22:33:36+00:00","og_image":[{"url":"http:\/\/q-protex.com\/wp-content\/uploads\/2016\/02\/miguel_febres.jpg","type":"","width":"","height":""}],"twitter_card":"summary_large_image","twitter_misc":{"Tiempo de lectura":"1 minuto"},"schema":{"@context":"https:\/\/schema.org","@graph":[{"@type":"WebPage","@id":"https:\/\/q-protex.com\/es\/sobre-nosotros\/","url":"https:\/\/q-protex.com\/es\/sobre-nosotros\/","name":"Sobre Nosotros - Q-Protex | Software Security","isPartOf":{"@id":"https:\/\/q-protex.com\/es\/#website"},"primaryImageOfPage":{"@id":"https:\/\/q-protex.com\/es\/sobre-nosotros\/#primaryimage"},"image":{"@id":"https:\/\/q-protex.com\/es\/sobre-nosotros\/#primaryimage"},"thumbnailUrl":"http:\/\/q-protex.com\/wp-content\/uploads\/2016\/02\/miguel_febres.jpg","datePublished":"2016-02-15T16:52:49+00:00","dateModified":"2016-02-18T22:33:36+00:00","breadcrumb":{"@id":"https:\/\/q-protex.com\/es\/sobre-nosotros\/#breadcrumb"},"inLanguage":"es","potentialAction":[{"@type":"ReadAction","target":["https:\/\/q-protex.com\/es\/sobre-nosotros\/"]}]},{"@type":"ImageObject","inLanguage":"es","@id":"https:\/\/q-protex.com\/es\/sobre-nosotros\/#primaryimage","url":"http:\/\/q-protex.com\/wp-content\/uploads\/2016\/02\/miguel_febres.jpg","contentUrl":"http:\/\/q-protex.com\/wp-content\/uploads\/2016\/02\/miguel_febres.jpg"},{"@type":"BreadcrumbList","@id":"https:\/\/q-protex.com\/es\/sobre-nosotros\/#breadcrumb","itemListElement":[{"@type":"ListItem","position":1,"name":"Home","item":"https:\/\/q-protex.com\/es\/"},{"@type":"ListItem","position":2,"name":"Sobre Nosotros"}]},{"@type":"WebSite","@id":"https:\/\/q-protex.com\/es\/#website","url":"https:\/\/q-protex.com\/es\/","name":"Q-Protex | Software Security","description":"Ethical Hacking","potentialAction":[{"@type":"SearchAction","target":{"@type":"EntryPoint","urlTemplate":"https:\/\/q-protex.com\/es\/?s={search_term_string}"},"query-input":{"@type":"PropertyValueSpecification","valueRequired":true,"valueName":"search_term_string"}}],"inLanguage":"es"}]}},"_links":{"self":[{"href":"https:\/\/q-protex.com\/es\/wp-json\/wp\/v2\/pages\/144","targetHints":{"allow":["GET"]}}],"collection":[{"href":"https:\/\/q-protex.com\/es\/wp-json\/wp\/v2\/pages"}],"about":[{"href":"https:\/\/q-protex.com\/es\/wp-json\/wp\/v2\/types\/page"}],"author":[{"embeddable":true,"href":"https:\/\/q-protex.com\/es\/wp-json\/wp\/v2\/users\/1"}],"replies":[{"embeddable":true,"href":"https:\/\/q-protex.com\/es\/wp-json\/wp\/v2\/comments?post=144"}],"version-history":[{"count":0,"href":"https:\/\/q-protex.com\/es\/wp-json\/wp\/v2\/pages\/144\/revisions"}],"wp:attachment":[{"href":"https:\/\/q-protex.com\/es\/wp-json\/wp\/v2\/media?parent=144"}],"curies":[{"name":"wp","href":"https:\/\/api.w.org\/{rel}","templated":true}]}}